{"id":36,"date":"2022-06-07T18:55:38","date_gmt":"2022-06-07T18:55:38","guid":{"rendered":"https:\/\/calcadosannaflor.com.br\/colecao\/?page_id=36"},"modified":"2024-11-13T17:37:06","modified_gmt":"2024-11-13T17:37:06","slug":"linha-01","status":"publish","type":"page","link":"https:\/\/calcadosannaflor.com.br\/colecao\/linha-01\/","title":{"rendered":"Ess\u00eancia 2025"},"content":{"rendered":"<div class=\"rsc_message\">Voc\u00ea n\u00e3o tem permiss\u00e3o para ver este conte\u00fado. Se j\u00e1 \u00e9 cadastrado fa\u00e7a o login abaixo.<\/div>","protected":false},"excerpt":{"rendered":"<p>Voc\u00ea n\u00e3o tem permiss\u00e3o para ver este conte\u00fado. Se j\u00e1 \u00e9 cadastrado fa\u00e7a o login abaixo.<\/p>\n","protected":false},"author":1,"featured_media":0,"parent":0,"menu_order":0,"comment_status":"closed","ping_status":"closed","template":"","meta":{"_acf_changed":false,"footnotes":""},"class_list":["post-36","page","type-page","status-publish","hentry"],"acf":[],"_links":{"self":[{"href":"https:\/\/calcadosannaflor.com.br\/colecao\/wp-json\/wp\/v2\/pages\/36","targetHints":{"allow":["GET"]}}],"collection":[{"href":"https:\/\/calcadosannaflor.com.br\/colecao\/wp-json\/wp\/v2\/pages"}],"about":[{"href":"https:\/\/calcadosannaflor.com.br\/colecao\/wp-json\/wp\/v2\/types\/page"}],"author":[{"embeddable":true,"href":"https:\/\/calcadosannaflor.com.br\/colecao\/wp-json\/wp\/v2\/users\/1"}],"replies":[{"embeddable":true,"href":"https:\/\/calcadosannaflor.com.br\/colecao\/wp-json\/wp\/v2\/comments?post=36"}],"version-history":[{"count":4,"href":"https:\/\/calcadosannaflor.com.br\/colecao\/wp-json\/wp\/v2\/pages\/36\/revisions"}],"predecessor-version":[{"id":319,"href":"https:\/\/calcadosannaflor.com.br\/colecao\/wp-json\/wp\/v2\/pages\/36\/revisions\/319"}],"wp:attachment":[{"href":"https:\/\/calcadosannaflor.com.br\/colecao\/wp-json\/wp\/v2\/media?parent=36"}],"curies":[{"name":"wp","href":"https:\/\/api.w.org\/{rel}","templated":true}]}}